{"id":38,"date":"2026-04-15T18:54:37","date_gmt":"2026-04-15T16:54:37","guid":{"rendered":"https:\/\/bio-eta-entwurf1.digidynamics.de\/?page_id=38"},"modified":"2026-04-15T23:46:33","modified_gmt":"2026-04-15T21:46:33","slug":"bio-eta-wirkungsgrad-des-lebens-longevity-personalisiert","status":"publish","type":"page","link":"https:\/\/bio-eta-entwurf1.digidynamics.de\/index.php\/bio-eta-wirkungsgrad-des-lebens-longevity-personalisiert\/","title":{"rendered":"Bio-Et\u00e0 &#8211; Wirkungsgrad des Lebens &#8211; Longevity personalisiert"},"content":{"rendered":"\t\t<div data-elementor-type=\"wp-page\" data-elementor-id=\"38\" class=\"elementor elementor-38\">\n\t\t\t\t<div data-ka-cursor-size=\"1\" class=\"elementor-element elementor-element-335d75f e-flex e-con-boxed e-con e-parent\" data-id=\"335d75f\" data-element_type=\"container\" data-e-type=\"container\" data-settings=\"{&quot;background_background&quot;:&quot;classic&quot;,&quot;shape_divider_bottom&quot;:&quot;curve&quot;,&quot;shape_divider_bottom_negative&quot;:&quot;yes&quot;,&quot;kng_cursor_interaction&quot;:&quot;default&quot;,&quot;kng_cursor_magnetic&quot;:&quot;none&quot;,&quot;kng_cursor_size_multiplier&quot;:{&quot;unit&quot;:&quot;px&quot;,&quot;size&quot;:1,&quot;sizes&quot;:[]}}\">\n\t\t\t\t\t<div class=\"e-con-inner\">\n\t\t\t\t<div class=\"elementor-shape elementor-shape-bottom\" aria-hidden=\"true\" data-negative=\"true\">\n\t\t\t<svg xmlns=\"http:\/\/www.w3.org\/2000\/svg\" viewBox=\"0 0 1000 100\" preserveAspectRatio=\"none\">\n\t<path class=\"elementor-shape-fill\" d=\"M500,97C126.7,96.3,0.8,19.8,0,0v100l1000,0V1C1000,19.4,873.3,97.8,500,97z\"\/>\n<\/svg>\t\t<\/div>\n\t\t<div data-ka-cursor-size=\"1\" class=\"elementor-element elementor-element-2079d2a e-con-full e-flex e-con e-child\" data-id=\"2079d2a\" data-element_type=\"container\" data-e-type=\"container\" data-settings=\"{&quot;kng_cursor_interaction&quot;:&quot;default&quot;,&quot;kng_cursor_magnetic&quot;:&quot;none&quot;,&quot;kng_cursor_size_multiplier&quot;:{&quot;unit&quot;:&quot;px&quot;,&quot;size&quot;:1,&quot;sizes&quot;:[]}}\">\n\t\t\t\t<div data-ka-cursor-size=\"1\" class=\"elementor-element elementor-element-378a3d2 elementor-widget elementor-widget-king-addons-styled-text-builder\" data-id=\"378a3d2\" data-element_type=\"widget\" data-e-type=\"widget\" data-settings=\"{&quot;kng_cursor_interaction&quot;:&quot;default&quot;,&quot;kng_cursor_magnetic&quot;:&quot;none&quot;,&quot;kng_cursor_size_multiplier&quot;:{&quot;unit&quot;:&quot;px&quot;,&quot;size&quot;:1,&quot;sizes&quot;:[]}}\" data-widget_type=\"king-addons-styled-text-builder.default\">\n\t\t\t\t<div class=\"elementor-widget-container\">\n\t\t\t\t\t        <h1 class=\"king-addons-styled-text-builder-items\">\n            <span class=\"elementor-repeater-item-5588cd0 king-addons-styled-text-gradient king-addons-styled-text\"><span class=\"king-addons-styled-text-inner\"><span>Longevity &amp; Healthspan optimieren.<\/span><\/span><\/span><span class=\"elementor-repeater-item-013eba7 king-addons-styled-text-gradient king-addons-styled-text\"><span class=\"king-addons-styled-text-inner\"><span><br>Ihre Gesundheit messbar verbessern.<\/span><\/span><\/span>        <\/h1>\n\t\t\t\t<\/div>\n\t\t\t\t<\/div>\n\t\t\t\t<div data-ka-cursor-size=\"1\" class=\"elementor-element elementor-element-72efcc5 elementor-widget__width-initial elementor-widget-tablet__width-inherit elementor-widget elementor-widget-text-editor\" data-id=\"72efcc5\" data-element_type=\"widget\" data-e-type=\"widget\" data-settings=\"{&quot;kng_cursor_interaction&quot;:&quot;default&quot;,&quot;kng_cursor_magnetic&quot;:&quot;none&quot;,&quot;kng_cursor_size_multiplier&quot;:{&quot;unit&quot;:&quot;px&quot;,&quot;size&quot;:1,&quot;sizes&quot;:[]}}\" data-widget_type=\"text-editor.default\">\n\t\t\t\t\t\t\t\t\tPersonalisierte Gesundheitsanalyse, KI-gest\u00fctzte Auswertung und ma\u00dfgeschneiderte Supplements f\u00fcr ein l\u00e4ngeres, ges\u00fcnderes Leben. Mit wissenschaftlich fundierter Diagnostik analysieren wir Ihre Biomarker auf Zellebene und entwickeln individuelle L\u00f6sungen f\u00fcr mehr Energie, bessere Regeneration und maximale Lebensqualit\u00e4t.\t\t\t\t\t\t\t\t<\/div>\n\t\t<div data-ka-cursor-size=\"1\" class=\"elementor-element elementor-element-17a4107 e-con-full e-flex e-con e-child\" data-id=\"17a4107\" data-element_type=\"container\" data-e-type=\"container\" data-settings=\"{&quot;kng_cursor_interaction&quot;:&quot;default&quot;,&quot;kng_cursor_magnetic&quot;:&quot;none&quot;,&quot;kng_cursor_size_multiplier&quot;:{&quot;unit&quot;:&quot;px&quot;,&quot;size&quot;:1,&quot;sizes&quot;:[]}}\">\n\t\t\t\t<div data-ka-cursor-size=\"1\" class=\"elementor-element elementor-element-5a25d02 elementor-mobile-align-justify elementor-widget-mobile__width-inherit elementor-widget elementor-widget-button\" data-id=\"5a25d02\" data-element_type=\"widget\" data-e-type=\"widget\" data-settings=\"{&quot;kng_cursor_interaction&quot;:&quot;default&quot;,&quot;kng_cursor_magnetic&quot;:&quot;none&quot;,&quot;kng_cursor_size_multiplier&quot;:{&quot;unit&quot;:&quot;px&quot;,&quot;size&quot;:1,&quot;sizes&quot;:[]}}\" data-widget_type=\"button.default\">\n\t\t\t\t\t\t\t\t\t\t<a class=\"elementor-button elementor-button-link elementor-size-sm\" href=\"#\">\n\t\t\t\t\t\t<span class=\"elementor-button-content-wrapper\">\n\t\t\t\t\t\t<span class=\"elementor-button-icon\">\n\t\t\t\t<svg xmlns=\"http:\/\/www.w3.org\/2000\/svg\" viewBox=\"0 0 95 118\" width=\"95\" height=\"118\"><style>\t\t.s0 { fill: #002c19 } \t<\/style><g id=\"&lt;Group&gt;\"><path id=\"&lt;Compound Path&gt;\" fill-rule=\"evenodd\" class=\"s0\" d=\"m18.76 20.61v-6.62c0-1.63 1.32-2.95 2.95-2.95h5.4c0.5-5.8 5.3-10.36 11.23-10.36 5.92 0 10.73 4.56 11.23 10.36h5.4c1.63 0 2.95 1.32 2.95 2.95v6.62c0 1.63-1.32 2.95-2.95 2.95h-33.26c-1.63 0-2.95-1.32-2.95-2.95zm14.99-8.6c0 2.54 2.05 4.6 4.59 4.6 2.53 0 4.59-2.06 4.59-4.6 0-2.53-2.06-4.59-4.59-4.59-2.54 0-4.59 2.06-4.59 4.59z\"><\/path><path id=\"&lt;Compound Path&gt;\" fill-rule=\"evenodd\" class=\"s0\" d=\"m63.15 110.84h-55.79c-3.89 0-7.05-3.15-7.05-7.05v-78.18c0-3.9 3.16-7.06 7.05-7.06h6.08v2.07c0 4.54 3.72 8.25 8.26 8.25h33.27c4.54 0 8.26-3.71 8.26-8.25v-2.07h6.08c3.89 0 7.05 3.16 7.05 7.06v16.51h-10.64c-4.25 0-7.69 3.44-7.69 7.69v7.01c0 3.15 1.91 5.86 4.61 7.03 0 0 0 41.7 0 43.02 0 1.33 0.09 2.86 0.51 3.97zm-42.57-15.6c0-1.46-1.19-2.65-2.65-2.65h-2.23c-1.49 0-2.65 1.19-2.65 2.65 0 1.46 1.16 2.65 2.65 2.65h2.23c1.46 0 2.65-1.19 2.65-2.65zm0-16.85c0-1.46-1.19-2.65-2.65-2.65h-2.23c-1.49 0-2.65 1.19-2.65 2.65 0 1.46 1.16 2.65 2.65 2.65h2.23c1.46 0 2.65-1.19 2.65-2.65zm0-16.85c0-1.46-1.19-2.65-2.65-2.65h-2.23c-1.49 0-2.65 1.19-2.65 2.65 0 1.46 1.16 2.65 2.65 2.65h2.23c1.46 0 2.65-1.19 2.65-2.65zm0-16.85c0-1.46-1.19-2.65-2.65-2.65h-2.23c-1.49 0-2.65 1.19-2.65 2.65 0 1.46 1.16 2.65 2.65 2.65h2.23c1.46 0 2.65-1.19 2.65-2.65zm5.04 0c0 1.46 1.2 2.65 2.66 2.65h21.12c1.46 0 2.65-1.19 2.65-2.65 0-1.46-1.19-2.65-2.65-2.65h-21.12c-1.46 0-2.66 1.19-2.66 2.65zm0 16.85c0 1.46 1.2 2.65 2.66 2.65h21.12c1.46 0 2.65-1.19 2.65-2.65 0-1.46-1.19-2.65-2.65-2.65h-21.12c-1.46 0-2.66 1.19-2.66 2.65zm29.94 33.7c0-1.46-1.2-2.65-2.66-2.65h-24.62c-1.46 0-2.66 1.19-2.66 2.65 0 1.46 1.2 2.65 2.66 2.65h24.62c1.46 0 2.66-1.19 2.66-2.65zm0-16.85c0-1.46-1.2-2.65-2.66-2.65h-24.62c-1.46 0-2.66 1.19-2.66 2.65 0 1.46 1.2 2.65 2.66 2.65h24.62c1.46 0 2.66-1.19 2.66-2.65z\"><\/path><path id=\"&lt;Path&gt;\" class=\"s0\" d=\"m91.83 47.43h-26.12c-1.31 0-2.38 1.06-2.38 2.38v7c0 1.32 1.07 2.38 2.38 2.38h26.12c1.31 0 2.38-1.06 2.38-2.38v-7c0-1.32-1.07-2.38-2.38-2.38z\"><\/path><path id=\"&lt;Path&gt;\" class=\"s0\" d=\"m67.94 74.01h8.14c1.43 0 2.58 1.16 2.58 2.58 0 1.43-1.15 2.58-2.58 2.58h-8.14v8.9h8.14c1.43 0 2.58 1.15 2.58 2.58 0 1.42-1.15 2.58-2.58 2.58h-8.14v8.89h8.14c1.43 0 2.58 1.15 2.58 2.58 0 1.42-1.15 2.58-2.58 2.58h-8.1c0.22 5.79 4.95 10.42 10.79 10.42 5.98 0 10.83-4.85 10.83-10.83v-42.51h-21.66z\"><\/path><\/g><\/svg>\t\t\t<\/span>\n\t\t\t\t\t\t\t\t\t<span class=\"elementor-button-text\">Jetzt Healthspan Test starten<\/span>\n\t\t\t\t\t<\/span>\n\t\t\t\t\t<\/a>\n\t\t\t\t\t\t\t\t<\/div>\n\t\t\t\t<div data-ka-cursor-size=\"1\" class=\"elementor-element elementor-element-2a04b83 elementor-mobile-align-justify elementor-widget-mobile__width-inherit elementor-widget elementor-widget-button\" data-id=\"2a04b83\" data-element_type=\"widget\" data-e-type=\"widget\" data-settings=\"{&quot;kng_cursor_interaction&quot;:&quot;default&quot;,&quot;kng_cursor_magnetic&quot;:&quot;none&quot;,&quot;kng_cursor_size_multiplier&quot;:{&quot;unit&quot;:&quot;px&quot;,&quot;size&quot;:1,&quot;sizes&quot;:[]}}\" data-widget_type=\"button.default\">\n\t\t\t\t\t\t\t\t\t\t<a class=\"elementor-button elementor-button-link elementor-size-sm\" href=\"#\">\n\t\t\t\t\t\t<span class=\"elementor-button-content-wrapper\">\n\t\t\t\t\t\t<span class=\"elementor-button-icon\">\n\t\t\t\t<svg aria-hidden=\"true\" class=\"e-font-icon-svg e-fas-long-arrow-alt-right\" viewBox=\"0 0 448 512\" xmlns=\"http:\/\/www.w3.org\/2000\/svg\"><path d=\"M313.941 216H12c-6.627 0-12 5.373-12 12v56c0 6.627 5.373 12 12 12h301.941v46.059c0 21.382 25.851 32.09 40.971 16.971l86.059-86.059c9.373-9.373 9.373-24.569 0-33.941l-86.059-86.059c-15.119-15.119-40.971-4.411-40.971 16.971V216z\"><\/path><\/svg>\t\t\t<\/span>\n\t\t\t\t\t\t\t\t\t<span class=\"elementor-button-text\">Longevity Produkte entdecken<\/span>\n\t\t\t\t\t<\/span>\n\t\t\t\t\t<\/a>\n\t\t\t\t\t\t\t\t<\/div>\n\t\t\t\t<\/div>\n\t\t\t\t<\/div>\n\t\t\t\t\t<\/div>\n\t\t\t\t<\/div>\n\t\t<div data-ka-cursor-size=\"1\" class=\"elementor-element elementor-element-eae21f1 e-flex e-con-boxed e-con e-parent\" data-id=\"eae21f1\" data-element_type=\"container\" data-e-type=\"container\" data-settings=\"{&quot;background_background&quot;:&quot;classic&quot;,&quot;kng_cursor_interaction&quot;:&quot;default&quot;,&quot;kng_cursor_magnetic&quot;:&quot;none&quot;,&quot;kng_cursor_size_multiplier&quot;:{&quot;unit&quot;:&quot;px&quot;,&quot;size&quot;:1,&quot;sizes&quot;:[]}}\">\n\t\t\t\t\t<div class=\"e-con-inner\">\n\t\t\t\t\t<\/div>\n\t\t\t\t<\/div>\n\t\t\t\t<\/div>\n\t\t","protected":false},"excerpt":{"rendered":"<p>Longevity &amp; Healthspan optimieren.Ihre Gesundheit messbar verbessern. Personalisierte Gesundheitsanalyse, KI-gest\u00fctzte Auswertung und ma\u00dfgeschneiderte Supplements f\u00fcr ein l\u00e4ngeres, ges\u00fcnderes Leben. Mit wissenschaftlich fundierter Diagnostik analysieren wir Ihre Biomarker auf Zellebene und entwickeln individuelle L\u00f6sungen f\u00fcr mehr Energie, bessere Regeneration und maximale Lebensqualit\u00e4t. Jetzt Healthspan Test starten Longevity Produkte entdecken<\/p>\n","protected":false},"author":1,"featured_media":0,"parent":0,"menu_order":0,"comment_status":"closed","ping_status":"closed","template":"","meta":{"footnotes":""},"class_list":["post-38","page","type-page","status-publish","hentry"],"blocksy_meta":{"has_hero_section":"disabled","styles_descriptor":{"styles":{"desktop":"","tablet":"","mobile":""},"google_fonts":[],"version":6}},"_links":{"self":[{"href":"https:\/\/bio-eta-entwurf1.digidynamics.de\/index.php\/wp-json\/wp\/v2\/pages\/38","targetHints":{"allow":["GET"]}}],"collection":[{"href":"https:\/\/bio-eta-entwurf1.digidynamics.de\/index.php\/wp-json\/wp\/v2\/pages"}],"about":[{"href":"https:\/\/bio-eta-entwurf1.digidynamics.de\/index.php\/wp-json\/wp\/v2\/types\/page"}],"author":[{"embeddable":true,"href":"https:\/\/bio-eta-entwurf1.digidynamics.de\/index.php\/wp-json\/wp\/v2\/users\/1"}],"replies":[{"embeddable":true,"href":"https:\/\/bio-eta-entwurf1.digidynamics.de\/index.php\/wp-json\/wp\/v2\/comments?post=38"}],"version-history":[{"count":94,"href":"https:\/\/bio-eta-entwurf1.digidynamics.de\/index.php\/wp-json\/wp\/v2\/pages\/38\/revisions"}],"predecessor-version":[{"id":216,"href":"https:\/\/bio-eta-entwurf1.digidynamics.de\/index.php\/wp-json\/wp\/v2\/pages\/38\/revisions\/216"}],"wp:attachment":[{"href":"https:\/\/bio-eta-entwurf1.digidynamics.de\/index.php\/wp-json\/wp\/v2\/media?parent=38"}],"curies":[{"name":"wp","href":"https:\/\/api.w.org\/{rel}","templated":true}]}}